{"id":9,"date":"2020-12-08T00:40:58","date_gmt":"2020-12-08T00:40:58","guid":{"rendered":"https:\/\/luanamiranda.ch\/?page_id=9"},"modified":"2020-12-08T00:59:54","modified_gmt":"2020-12-08T00:59:54","slug":"ueber-uns","status":"publish","type":"page","link":"https:\/\/luanamiranda.ch\/index.php\/ueber-uns\/","title":{"rendered":"Etwas \u00fcber mich&#8230;"},"content":{"rendered":"\n<p>Ich erinnere mich noch genau, als ich 15 Jahre alt war, war es mein Traum, Therapeutin zu werden: Spiritualit\u00e4t, Ern\u00e4hrung und Psychologie irgendwie miteinander zu kombinieren und Menschen zu helfen, ihren Weg in diesem Leben zu finden. <\/p>\n\n\n\n<p>Vielleicht begann dies alles durch den Einfluss meiner Mutter, die mir die Liebe zur Natur zeigte, mich mit Autoren wie Carlos Castaneda, Paracelsus, Blavatsky bekannt machte und mich mit liebevollen Massagen verw\u00f6hnte&#8230; <\/p>\n\n\n\n<p>Als ich 18 Jahre alt wurde, hatte ich bereits mehrere B\u00fccher \u00fcber Spiritualit\u00e4t, Selbstentfaltung, Psychologie und Ern\u00e4hrung gelesen und dachte, ich w\u00fcsste bereits, wie das Leben funktioniert! So naiv von mir&#8230; Ich war noch nicht reif genug und ich wusste es. Ich wusste, dass ich zuerst an mir selber arbeiten musste, bevor ich anderen helfen kann\u2026 Darauf konzentrierte ich mich in den folgenden Jahren&#8230; <\/p>\n\n\n\n<p>15 Jahre sp\u00e4ter, nach einem Studiumsabschluss in Hotelmanagement, der Heirat mit einem Neurowissenschaftler, meinem Umzug von Brasilien in die Schweiz und vielem mehr, war ich endlich bereit, meinen Traum zu verwirklichen. Ich bin auch viel pragmatischer geworden. Jetzt weiss ich, dass das Leben nicht wie ein Selbstentwicklungsbuch ist. Wir sind viel komplexer und es gibt kein Rezept, das f\u00fcr jeden passt. Im Leben geht es nicht darum, perfekt zu sein, \u00abErleuchtung\u00bb zu finden oder keine Fehler zu machen. Es geht viel mehr darum, sich selbst und andere zu verstehen, t\u00e4glich kleine und konstante Schritte zu machen und sich in diesem Prozess zu entwickeln. <\/p>\n\n\n\n<p>Als ich von der Naturheilkundeausbildung geh\u00f6rt habe, war ich ganz begeistert! Das war genau das, was ich schon immer machen wollte, ich wusste einfach nicht, wie es hiess! Die Entscheidung war schnell getroffen: Ich informierte mich \u00fcber die verschiedenen Naturheilkundeschulen in der Schweiz und entschied mich intuitiv f\u00fcr die Heilpraktikerschule Luzern, eine Entscheidung, die ich nicht bereue. <\/p>\n\n\n\n<p>Dort habe ich sehr gute Freundinnen gefunden, viel \u00fcber Anatomie, Physiologie und Pathologie aus der Sicht der Schulmedizin gelernt (was ich sehr sch\u00e4tze) und ich habe auch ein gutes Grundwissen der naturheilkundlichen Methoden erhalten. Es ist bald Zeit, dieses Wissen endlich in die Praxis umzusetzen, und das macht mich unglaublich gl\u00fccklich! <\/p>\n\n\n\n<p>Ich m\u00f6chte mich noch bei meinem Mann bedanken, der mich w\u00e4hrend meines Studiums sehr unterst\u00fctzt hat, meiner Mutter, die mir den Weg gezeigt hatte, als ich noch ein Kind war, und allen tollen LehrernInnen (aus der Schule und aus dem Leben!), die mich durch diesen Prozess begleitet haben. Ich werde diesen Beruf von ganzem Herzen und voller Verantwortung aus\u00fcben.\u00a0<\/p>\n","protected":false},"excerpt":{"rendered":"<p>Ich erinnere mich noch genau, als ich 15 Jahre alt war, war es mein Traum, Therapeutin zu werden: Spiritualit\u00e4t, Ern\u00e4hrung und Psychologie irgendwie miteinander zu kombinieren und Menschen zu helfen, ihren Weg in diesem Leben zu finden. Vielleicht begann dies alles durch den Einfluss meiner Mutter, die mir die Liebe zur Natur zeigte, mich mit &hellip; <\/p>\n<p class=\"link-more\"><a href=\"https:\/\/luanamiranda.ch\/index.php\/ueber-uns\/\" class=\"more-link\"><span class=\"screen-reader-text\">\u201eEtwas \u00fcber mich&#8230;\u201c<\/span> weiterlesen<\/a><\/p>\n","protected":false},"author":1,"featured_media":34,"parent":0,"menu_order":0,"comment_status":"closed","ping_status":"closed","template":"","meta":[],"_links":{"self":[{"href":"https:\/\/luanamiranda.ch\/index.php\/wp-json\/wp\/v2\/pages\/9"}],"collection":[{"href":"https:\/\/luanamiranda.ch\/index.php\/wp-json\/wp\/v2\/pages"}],"about":[{"href":"https:\/\/luanamiranda.ch\/index.php\/wp-json\/wp\/v2\/types\/page"}],"author":[{"embeddable":true,"href":"https:\/\/luanamiranda.ch\/index.php\/wp-json\/wp\/v2\/users\/1"}],"replies":[{"embeddable":true,"href":"https:\/\/luanamiranda.ch\/index.php\/wp-json\/wp\/v2\/comments?post=9"}],"version-history":[{"count":3,"href":"https:\/\/luanamiranda.ch\/index.php\/wp-json\/wp\/v2\/pages\/9\/revisions"}],"predecessor-version":[{"id":36,"href":"https:\/\/luanamiranda.ch\/index.php\/wp-json\/wp\/v2\/pages\/9\/revisions\/36"}],"wp:featuredmedia":[{"embeddable":true,"href":"https:\/\/luanamiranda.ch\/index.php\/wp-json\/wp\/v2\/media\/34"}],"wp:attachment":[{"href":"https:\/\/luanamiranda.ch\/index.php\/wp-json\/wp\/v2\/media?parent=9"}],"curies":[{"name":"wp","href":"https:\/\/api.w.org\/{rel}","templated":true}]}}